{"id":324,"date":"2023-12-17T20:27:27","date_gmt":"2023-12-17T19:27:27","guid":{"rendered":"https:\/\/hugoburel.fr\/?page_id=324"},"modified":"2025-07-05T19:14:50","modified_gmt":"2025-07-05T17:14:50","slug":"fraichup","status":"publish","type":"page","link":"https:\/\/hugoburel.fr\/?page_id=324","title":{"rendered":"Fraich&#8217;UP"},"content":{"rendered":"\t\t<div data-elementor-type=\"wp-page\" data-elementor-id=\"324\" class=\"elementor elementor-324\">\n\t\t\t\t\t\t<section data-wpr-sticky-section=\"yes\" data-wpr-position-type=\"sticky\" data-wpr-position-offset=\"0\" data-wpr-position-location=\"top\" data-wpr-sticky-devices=\"mobile_sticky tablet_sticky desktop_sticky\" data-wpr-custom-breakpoints=\"default\" data-wpr-active-breakpoints=\"mobile_sticky tablet_sticky desktop_sticky\" data-wpr-z-index=\"50\" data-wpr-sticky-hide=\"\" data-wpr-replace-header=\"\" data-wpr-animation-duration=\"\" data-wpr-sticky-type=\"fixed\" class=\"has_eae_slider elementor-section elementor-top-section elementor-element elementor-element-12287e3b wpr-sticky-section-yes elementor-section-boxed elementor-section-height-default elementor-section-height-default wpr-particle-no wpr-jarallax-no wpr-parallax-no\" data-eae-slider=\"98544\" data-id=\"12287e3b\" data-element_type=\"section\" data-settings=\"{&quot;background_background&quot;:&quot;classic&quot;,&quot;position_offset&quot;:0,&quot;position_offset_tablet&quot;:0,&quot;position_offset_mobile&quot;:0}\">\n\t\t\t\t\t\t<div class=\"elementor-container elementor-column-gap-default\">\n\t\t\t\t\t<div class=\"has_eae_slider elementor-column elementor-col-16 elementor-top-column elementor-element elementor-element-6f36fb1a\" data-eae-slider=\"41919\" data-id=\"6f36fb1a\" data-element_type=\"column\">\n\t\t\t<div class=\"elementor-widget-wrap elementor-element-populated\">\n\t\t\t\t\t\t<div class=\"elementor-element elementor-element-54ae4df0 elementor-widget elementor-widget-heading\" data-id=\"54ae4df0\" data-element_type=\"widget\" data-widget_type=\"heading.default\">\n\t\t\t\t<div class=\"elementor-widget-container\">\n\t\t\t\t\t<h2 class=\"elementor-heading-title elementor-size-default\"><a href=\"https:\/\/hugoburel.fr\/\">PORTFOLIO<\/a><\/h2>\t\t\t\t<\/div>\n\t\t\t\t<\/div>\n\t\t\t\t\t<\/div>\n\t\t<\/div>\n\t\t\t\t<div class=\"has_eae_slider elementor-column elementor-col-66 elementor-top-column elementor-element elementor-element-1ff1f34a\" data-eae-slider=\"37624\" data-id=\"1ff1f34a\" data-element_type=\"column\">\n\t\t\t<div class=\"elementor-widget-wrap elementor-element-populated\">\n\t\t\t\t\t\t<div class=\"elementor-element elementor-element-572fe600 wpr-main-menu-align-center wpr-main-menu-align--tabletcenter wpr-main-menu-align--mobilecenter wpr-mobile-toggle-v2 wpr-pointer-underline wpr-pointer-line-fx wpr-pointer-fx-fade wpr-sub-icon-caret-down wpr-sub-menu-fx-fade wpr-nav-menu-bp-tablet wpr-mobile-menu-display-dropdown wpr-mobile-menu-full-width wpr-sub-divider-yes elementor-widget elementor-widget-wpr-mega-menu\" data-id=\"572fe600\" data-element_type=\"widget\" data-settings=\"{&quot;menu_layout&quot;:&quot;horizontal&quot;}\" data-widget_type=\"wpr-mega-menu.default\">\n\t\t\t\t<div class=\"elementor-widget-container\">\n\t\t\t\t\t<nav class=\"wpr-nav-menu-container wpr-mega-menu-container wpr-nav-menu-horizontal\" data-trigger=\"hover\"><ul id=\"menu-1-572fe600\" class=\"wpr-nav-menu wpr-mega-menu\"><li class=\"menu-item menu-item-type-post_type menu-item-object-page menu-item-home menu-item-614\"><a href=\"https:\/\/hugoburel.fr\/\" class=\"wpr-menu-item wpr-pointer-item menu-link\"><span>Accueil<\/span><\/a><\/li>\n<\/ul><\/nav><nav class=\"wpr-mobile-nav-menu-container\"><div class=\"wpr-mobile-toggle-wrap\"><div class=\"wpr-mobile-toggle\"><span class=\"wpr-mobile-toggle-line\"><\/span><span class=\"wpr-mobile-toggle-line\"><\/span><span class=\"wpr-mobile-toggle-line\"><\/span><\/div><\/div><div class=\"wpr-mobile-mega-menu-wrap \" toggle-backface=\"\"><ul id=\"mobile-menu-2-572fe600\" class=\"wpr-mobile-nav-menu wpr-mobile-mega-menu\"><li class=\"menu-item menu-item-type-post_type menu-item-object-page menu-item-home menu-item-614\"><a href=\"https:\/\/hugoburel.fr\/\" class=\"wpr-mobile-menu-item menu-link\">Accueil<\/a><\/li>\n<\/ul><\/div><\/nav>\t\t\t\t<\/div>\n\t\t\t\t<\/div>\n\t\t\t\t\t<\/div>\n\t\t<\/div>\n\t\t\t\t<div class=\"has_eae_slider elementor-column elementor-col-16 elementor-top-column elementor-element elementor-element-6292e62e elementor-hidden-mobile\" data-eae-slider=\"89788\" data-id=\"6292e62e\" data-element_type=\"column\">\n\t\t\t<div class=\"elementor-widget-wrap elementor-element-populated\">\n\t\t\t\t\t\t<div class=\"elementor-element elementor-element-1679dd25 wpr-button-icon-style-inline wpr-button-icon-position-right elementor-widget elementor-widget-wpr-button\" data-id=\"1679dd25\" data-element_type=\"widget\" data-widget_type=\"wpr-button.default\">\n\t\t\t\t<div class=\"elementor-widget-container\">\n\t\t\t\t\t\t\n\t\t\t\n\t\t\n\t\t<div class=\"wpr-button-wrap elementor-clearfix\">\n\t\t<a class=\"wpr-button wpr-button-effect wpr-button-aylen\" data-text=\"Go\" href=\"http:\/\/hugoburel.fr\/wp-content\/uploads\/2025\/07\/CV_Hugo_Burel.pdf\">\n\t\t\t\n\t\t\t<span class=\"wpr-button-content\">\n\t\t\t\t\t\t\t\t\t<span class=\"wpr-button-text\">Mon CV<\/span>\n\t\t\t\t\t\t\t\t\n\t\t\t\t\t\t\t\t\t<span class=\"wpr-button-icon\"><svg class=\"e-font-icon-svg e-far-arrow-alt-circle-right\" viewBox=\"0 0 512 512\" xmlns=\"http:\/\/www.w3.org\/2000\/svg\"><path d=\"M504 256C504 119 393 8 256 8S8 119 8 256s111 248 248 248 248-111 248-248zm-448 0c0-110.5 89.5-200 200-200s200 89.5 200 200-89.5 200-200 200S56 366.5 56 256zm72 20v-40c0-6.6 5.4-12 12-12h116v-67c0-10.7 12.9-16 20.5-8.5l99 99c4.7 4.7 4.7 12.3 0 17l-99 99c-7.6 7.6-20.5 2.2-20.5-8.5v-67H140c-6.6 0-12-5.4-12-12z\"><\/path><\/svg><\/span>\n\t\t\t\t\t\t\t<\/span>\n\t\t<\/a>\n\n\t\t\t\t<\/div>\n\t\n\t\n\t\t\t\t\t<\/div>\n\t\t\t\t<\/div>\n\t\t\t\t\t<\/div>\n\t\t<\/div>\n\t\t\t\t\t<\/div>\n\t\t<\/section>\n\t\t<div class=\"has_eae_slider elementor-element elementor-element-5818039 e-flex e-con-boxed wpr-particle-no wpr-jarallax-no wpr-parallax-no wpr-sticky-section-no e-con e-parent\" data-eae-slider=\"92447\" data-id=\"5818039\" data-element_type=\"container\">\n\t\t\t\t\t<div class=\"e-con-inner\">\n\t\t\t\t<div class=\"elementor-element elementor-element-163dd9c elementor-widget elementor-widget-heading\" data-id=\"163dd9c\" data-element_type=\"widget\" data-widget_type=\"heading.default\">\n\t\t\t\t<div class=\"elementor-widget-container\">\n\t\t\t\t\t<h1 class=\"elementor-heading-title elementor-size-default\">Fraich'up<\/h1>\t\t\t\t<\/div>\n\t\t\t\t<\/div>\n\t\t\t\t\t<\/div>\n\t\t\t\t<\/div>\n\t\t<div class=\"has_eae_slider elementor-element elementor-element-6e46e1b e-flex e-con-boxed wpr-particle-no wpr-jarallax-no wpr-parallax-no wpr-sticky-section-no e-con e-parent\" data-eae-slider=\"25468\" data-id=\"6e46e1b\" data-element_type=\"container\">\n\t\t\t\t\t<div class=\"e-con-inner\">\n\t\t\t\t\t<\/div>\n\t\t\t\t<\/div>\n\t\t<div class=\"has_eae_slider elementor-element elementor-element-e653674 e-flex e-con-boxed wpr-particle-no wpr-jarallax-no wpr-parallax-no wpr-sticky-section-no e-con e-parent\" data-eae-slider=\"25609\" data-id=\"e653674\" data-element_type=\"container\">\n\t\t\t\t\t<div class=\"e-con-inner\">\n\t\t<div class=\"has_eae_slider elementor-element elementor-element-76d3395 e-flex e-con-boxed wpr-particle-no wpr-jarallax-no wpr-parallax-no wpr-sticky-section-no e-con e-child\" data-eae-slider=\"21982\" data-id=\"76d3395\" data-element_type=\"container\">\n\t\t\t\t\t<div class=\"e-con-inner\">\n\t\t\t\t<div class=\"elementor-element elementor-element-8845343 elementor-widget elementor-widget-heading\" data-id=\"8845343\" data-element_type=\"widget\" data-widget_type=\"heading.default\">\n\t\t\t\t<div class=\"elementor-widget-container\">\n\t\t\t\t\t<p class=\"elementor-heading-title elementor-size-default\">Maquette FIGMA :<\/p>\t\t\t\t<\/div>\n\t\t\t\t<\/div>\n\t\t\t\t<div class=\"elementor-element elementor-element-e1f106b elementor-widget elementor-widget-button\" data-id=\"e1f106b\" data-element_type=\"widget\" data-widget_type=\"button.default\">\n\t\t\t\t<div class=\"elementor-widget-container\">\n\t\t\t\t\t\t\t\t\t<div class=\"elementor-button-wrapper\">\n\t\t\t\t\t<a class=\"elementor-button elementor-button-link elementor-size-sm\" href=\"https:\/\/www.figma.com\/file\/HES3DgwSzpYhhELhrwWZf9\/Maquette-figma-mobile?type=design&#038;node-id=0%3A1&#038;mode=design&#038;t=oUEgzSUyy0nee05M-1\">\n\t\t\t\t\t\t<span class=\"elementor-button-content-wrapper\">\n\t\t\t\t\t\t\t\t\t<span class=\"elementor-button-text\">D\u00e9couvrir la maquette<\/span>\n\t\t\t\t\t<\/span>\n\t\t\t\t\t<\/a>\n\t\t\t\t<\/div>\n\t\t\t\t\t\t\t\t<\/div>\n\t\t\t\t<\/div>\n\t\t\t\t\t<\/div>\n\t\t\t\t<\/div>\n\t\t\t\t\t<\/div>\n\t\t\t\t<\/div>\n\t\t<div class=\"has_eae_slider elementor-element elementor-element-b689d21 e-flex e-con-boxed wpr-particle-no wpr-jarallax-no wpr-parallax-no wpr-sticky-section-no e-con e-parent\" data-eae-slider=\"8427\" data-id=\"b689d21\" data-element_type=\"container\">\n\t\t\t\t\t<div class=\"e-con-inner\">\n\t\t\t\t<div class=\"elementor-element elementor-element-86b624f elementor-widget elementor-widget-spacer\" data-id=\"86b624f\" data-element_type=\"widget\" data-widget_type=\"spacer.default\">\n\t\t\t\t<div class=\"elementor-widget-container\">\n\t\t\t\t\t\t\t<div class=\"elementor-spacer\">\n\t\t\t<div class=\"elementor-spacer-inner\"><\/div>\n\t\t<\/div>\n\t\t\t\t\t\t<\/div>\n\t\t\t\t<\/div>\n\t\t\t\t\t<\/div>\n\t\t\t\t<\/div>\n\t\t<div class=\"has_eae_slider elementor-element elementor-element-b4d1923 e-flex e-con-boxed wpr-particle-no wpr-jarallax-no wpr-parallax-no wpr-sticky-section-no e-con e-parent\" data-eae-slider=\"40445\" data-id=\"b4d1923\" data-element_type=\"container\">\n\t\t\t\t\t<div class=\"e-con-inner\">\n\t\t<div class=\"has_eae_slider elementor-element elementor-element-f56a0c1 e-flex e-con-boxed wpr-particle-no wpr-jarallax-no wpr-parallax-no wpr-sticky-section-no e-con e-child\" data-eae-slider=\"29315\" data-id=\"f56a0c1\" data-element_type=\"container\">\n\t\t\t\t\t<div class=\"e-con-inner\">\n\t\t\t\t<div class=\"elementor-element elementor-element-d45aad2 elementor-widget elementor-widget-heading\" data-id=\"d45aad2\" data-element_type=\"widget\" data-widget_type=\"heading.default\">\n\t\t\t\t<div class=\"elementor-widget-container\">\n\t\t\t\t\t<p class=\"elementor-heading-title elementor-size-default\">Mon dossier :<\/p>\t\t\t\t<\/div>\n\t\t\t\t<\/div>\n\t\t\t\t<div class=\"elementor-element elementor-element-1cdc587 elementor-widget elementor-widget-button\" data-id=\"1cdc587\" data-element_type=\"widget\" data-widget_type=\"button.default\">\n\t\t\t\t<div class=\"elementor-widget-container\">\n\t\t\t\t\t\t\t\t\t<div class=\"elementor-button-wrapper\">\n\t\t\t\t\t<a class=\"elementor-button elementor-button-link elementor-size-sm\" href=\"http:\/\/hugoburel.fr\/wp-content\/uploads\/2023\/12\/Dossier-fraichup.pdf\">\n\t\t\t\t\t\t<span class=\"elementor-button-content-wrapper\">\n\t\t\t\t\t\t\t\t\t<span class=\"elementor-button-text\">Voir le dossier<\/span>\n\t\t\t\t\t<\/span>\n\t\t\t\t\t<\/a>\n\t\t\t\t<\/div>\n\t\t\t\t\t\t\t\t<\/div>\n\t\t\t\t<\/div>\n\t\t\t\t\t<\/div>\n\t\t\t\t<\/div>\n\t\t\t\t\t<\/div>\n\t\t\t\t<\/div>\n\t\t<div class=\"has_eae_slider elementor-element elementor-element-e8e3afa e-flex e-con-boxed wpr-particle-no wpr-jarallax-no wpr-parallax-no wpr-sticky-section-no e-con e-parent\" data-eae-slider=\"30473\" data-id=\"e8e3afa\" data-element_type=\"container\">\n\t\t\t\t\t<div class=\"e-con-inner\">\n\t\t\t\t<div class=\"elementor-element elementor-element-bc36f87 elementor-widget elementor-widget-spacer\" data-id=\"bc36f87\" data-element_type=\"widget\" data-widget_type=\"spacer.default\">\n\t\t\t\t<div class=\"elementor-widget-container\">\n\t\t\t\t\t\t\t<div class=\"elementor-spacer\">\n\t\t\t<div class=\"elementor-spacer-inner\"><\/div>\n\t\t<\/div>\n\t\t\t\t\t\t<\/div>\n\t\t\t\t<\/div>\n\t\t\t\t\t<\/div>\n\t\t\t\t<\/div>\n\t\t<div class=\"has_eae_slider elementor-element elementor-element-0109e86 e-flex e-con-boxed wpr-particle-no wpr-jarallax-no wpr-parallax-no wpr-sticky-section-no e-con e-parent\" data-eae-slider=\"99199\" data-id=\"0109e86\" data-element_type=\"container\">\n\t\t\t\t\t<div class=\"e-con-inner\">\n\t\t\t\t<div class=\"elementor-element elementor-element-a13868d elementor-widget elementor-widget-heading\" data-id=\"a13868d\" data-element_type=\"widget\" data-widget_type=\"heading.default\">\n\t\t\t\t<div class=\"elementor-widget-container\">\n\t\t\t\t\t<p class=\"elementor-heading-title elementor-size-default\">Mes visuels<\/p>\t\t\t\t<\/div>\n\t\t\t\t<\/div>\n\t\t\t\t<div class=\"elementor-element elementor-element-717e813 elementor-widget elementor-widget-image-gallery\" data-id=\"717e813\" data-element_type=\"widget\" data-widget_type=\"image-gallery.default\">\n\t\t\t\t<div class=\"elementor-widget-container\">\n\t\t\t\t\t\t\t<div class=\"elementor-image-gallery\">\n\t\t\t<div id='gallery-1' class='gallery galleryid-324 gallery-columns-3 gallery-size-full'><figure class='gallery-item'>\n\t\t\t<div class='gallery-icon landscape'>\n\t\t\t\t<a data-elementor-open-lightbox=\"yes\" data-elementor-lightbox-slideshow=\"717e813\" data-elementor-lightbox-title=\"fishbox\" data-e-action-hash=\"#elementor-action%3Aaction%3Dlightbox%26settings%3DeyJpZCI6MjkzLCJ1cmwiOiJodHRwczpcL1wvaHVnb2J1cmVsLmZyXC93cC1jb250ZW50XC91cGxvYWRzXC8yMDIzXC8xMlwvZmlzaGJveC5wbmciLCJzbGlkZXNob3ciOiI3MTdlODEzIn0%3D\" href='https:\/\/hugoburel.fr\/wp-content\/uploads\/2023\/12\/fishbox.png'><img fetchpriority=\"high\" decoding=\"async\" width=\"1495\" height=\"1117\" src=\"https:\/\/hugoburel.fr\/wp-content\/uploads\/2023\/12\/fishbox.png\" class=\"attachment-full size-full\" alt=\"\" srcset=\"https:\/\/hugoburel.fr\/wp-content\/uploads\/2023\/12\/fishbox.png 1495w, https:\/\/hugoburel.fr\/wp-content\/uploads\/2023\/12\/fishbox-300x224.png 300w, https:\/\/hugoburel.fr\/wp-content\/uploads\/2023\/12\/fishbox-1024x765.png 1024w, https:\/\/hugoburel.fr\/wp-content\/uploads\/2023\/12\/fishbox-768x574.png 768w\" sizes=\"(max-width: 1495px) 100vw, 1495px\" \/><\/a>\n\t\t\t<\/div><\/figure><figure class='gallery-item'>\n\t\t\t<div class='gallery-icon landscape'>\n\t\t\t\t<a data-elementor-open-lightbox=\"yes\" data-elementor-lightbox-slideshow=\"717e813\" data-elementor-lightbox-title=\"Boxv\u00e9g\u00e9\" data-e-action-hash=\"#elementor-action%3Aaction%3Dlightbox%26settings%3DeyJpZCI6MjkyLCJ1cmwiOiJodHRwczpcL1wvaHVnb2J1cmVsLmZyXC93cC1jb250ZW50XC91cGxvYWRzXC8yMDIzXC8xMlwvQm94dmVnZS5wbmciLCJzbGlkZXNob3ciOiI3MTdlODEzIn0%3D\" href='https:\/\/hugoburel.fr\/wp-content\/uploads\/2023\/12\/Boxvege.png'><img decoding=\"async\" width=\"1497\" height=\"1118\" src=\"https:\/\/hugoburel.fr\/wp-content\/uploads\/2023\/12\/Boxvege.png\" class=\"attachment-full size-full\" alt=\"\" srcset=\"https:\/\/hugoburel.fr\/wp-content\/uploads\/2023\/12\/Boxvege.png 1497w, https:\/\/hugoburel.fr\/wp-content\/uploads\/2023\/12\/Boxvege-300x224.png 300w, https:\/\/hugoburel.fr\/wp-content\/uploads\/2023\/12\/Boxvege-1024x765.png 1024w, https:\/\/hugoburel.fr\/wp-content\/uploads\/2023\/12\/Boxvege-768x574.png 768w\" sizes=\"(max-width: 1497px) 100vw, 1497px\" \/><\/a>\n\t\t\t<\/div><\/figure><figure class='gallery-item'>\n\t\t\t<div class='gallery-icon landscape'>\n\t\t\t\t<a data-elementor-open-lightbox=\"yes\" data-elementor-lightbox-slideshow=\"717e813\" data-elementor-lightbox-title=\"bannierewp\" data-e-action-hash=\"#elementor-action%3Aaction%3Dlightbox%26settings%3DeyJpZCI6MjkxLCJ1cmwiOiJodHRwczpcL1wvaHVnb2J1cmVsLmZyXC93cC1jb250ZW50XC91cGxvYWRzXC8yMDIzXC8xMlwvYmFubmllcmV3cC5wbmciLCJzbGlkZXNob3ciOiI3MTdlODEzIn0%3D\" href='https:\/\/hugoburel.fr\/wp-content\/uploads\/2023\/12\/bannierewp.png'><img decoding=\"async\" width=\"2099\" height=\"1277\" src=\"https:\/\/hugoburel.fr\/wp-content\/uploads\/2023\/12\/bannierewp.png\" class=\"attachment-full size-full\" alt=\"\" srcset=\"https:\/\/hugoburel.fr\/wp-content\/uploads\/2023\/12\/bannierewp.png 2099w, https:\/\/hugoburel.fr\/wp-content\/uploads\/2023\/12\/bannierewp-300x183.png 300w, https:\/\/hugoburel.fr\/wp-content\/uploads\/2023\/12\/bannierewp-1024x623.png 1024w, https:\/\/hugoburel.fr\/wp-content\/uploads\/2023\/12\/bannierewp-768x467.png 768w, https:\/\/hugoburel.fr\/wp-content\/uploads\/2023\/12\/bannierewp-1536x934.png 1536w, https:\/\/hugoburel.fr\/wp-content\/uploads\/2023\/12\/bannierewp-2048x1246.png 2048w\" sizes=\"(max-width: 2099px) 100vw, 2099px\" \/><\/a>\n\t\t\t<\/div><\/figure><figure class='gallery-item'>\n\t\t\t<div class='gallery-icon landscape'>\n\t\t\t\t<a data-elementor-open-lightbox=\"yes\" data-elementor-lightbox-slideshow=\"717e813\" data-elementor-lightbox-title=\"meatbox\" data-e-action-hash=\"#elementor-action%3Aaction%3Dlightbox%26settings%3DeyJpZCI6MjkwLCJ1cmwiOiJodHRwczpcL1wvaHVnb2J1cmVsLmZyXC93cC1jb250ZW50XC91cGxvYWRzXC8yMDIzXC8xMlwvbWVhdGJveC5wbmciLCJzbGlkZXNob3ciOiI3MTdlODEzIn0%3D\" href='https:\/\/hugoburel.fr\/wp-content\/uploads\/2023\/12\/meatbox.png'><img loading=\"lazy\" decoding=\"async\" width=\"1497\" height=\"1120\" src=\"https:\/\/hugoburel.fr\/wp-content\/uploads\/2023\/12\/meatbox.png\" class=\"attachment-full size-full\" alt=\"\" srcset=\"https:\/\/hugoburel.fr\/wp-content\/uploads\/2023\/12\/meatbox.png 1497w, https:\/\/hugoburel.fr\/wp-content\/uploads\/2023\/12\/meatbox-300x224.png 300w, https:\/\/hugoburel.fr\/wp-content\/uploads\/2023\/12\/meatbox-1024x766.png 1024w, https:\/\/hugoburel.fr\/wp-content\/uploads\/2023\/12\/meatbox-768x575.png 768w\" sizes=\"(max-width: 1497px) 100vw, 1497px\" \/><\/a>\n\t\t\t<\/div><\/figure><figure class='gallery-item'>\n\t\t\t<div class='gallery-icon landscape'>\n\t\t\t\t<a data-elementor-open-lightbox=\"yes\" data-elementor-lightbox-slideshow=\"717e813\" data-elementor-lightbox-title=\"fraichup icone\" data-e-action-hash=\"#elementor-action%3Aaction%3Dlightbox%26settings%3DeyJpZCI6Mjg5LCJ1cmwiOiJodHRwczpcL1wvaHVnb2J1cmVsLmZyXC93cC1jb250ZW50XC91cGxvYWRzXC8yMDIzXC8xMlwvZnJhaWNodXAtaWNvbmUucG5nIiwic2xpZGVzaG93IjoiNzE3ZTgxMyJ9\" href='https:\/\/hugoburel.fr\/wp-content\/uploads\/2023\/12\/fraichup-icone.png'><img loading=\"lazy\" decoding=\"async\" width=\"994\" height=\"536\" src=\"https:\/\/hugoburel.fr\/wp-content\/uploads\/2023\/12\/fraichup-icone.png\" class=\"attachment-full size-full\" alt=\"\" srcset=\"https:\/\/hugoburel.fr\/wp-content\/uploads\/2023\/12\/fraichup-icone.png 994w, https:\/\/hugoburel.fr\/wp-content\/uploads\/2023\/12\/fraichup-icone-300x162.png 300w, https:\/\/hugoburel.fr\/wp-content\/uploads\/2023\/12\/fraichup-icone-768x414.png 768w\" sizes=\"(max-width: 994px) 100vw, 994px\" \/><\/a>\n\t\t\t<\/div><\/figure><figure class='gallery-item'>\n\t\t\t<div class='gallery-icon landscape'>\n\t\t\t\t<a data-elementor-open-lightbox=\"yes\" data-elementor-lightbox-slideshow=\"717e813\" data-elementor-lightbox-title=\"poualbox\" data-e-action-hash=\"#elementor-action%3Aaction%3Dlightbox%26settings%3DeyJpZCI6MzI2LCJ1cmwiOiJodHRwczpcL1wvaHVnb2J1cmVsLmZyXC93cC1jb250ZW50XC91cGxvYWRzXC8yMDIzXC8xMlwvcG91YWxib3gucG5nIiwic2xpZGVzaG93IjoiNzE3ZTgxMyJ9\" href='https:\/\/hugoburel.fr\/wp-content\/uploads\/2023\/12\/poualbox.png'><img loading=\"lazy\" decoding=\"async\" width=\"1653\" height=\"1231\" src=\"https:\/\/hugoburel.fr\/wp-content\/uploads\/2023\/12\/poualbox.png\" class=\"attachment-full size-full\" alt=\"\" srcset=\"https:\/\/hugoburel.fr\/wp-content\/uploads\/2023\/12\/poualbox.png 1653w, https:\/\/hugoburel.fr\/wp-content\/uploads\/2023\/12\/poualbox-300x223.png 300w, https:\/\/hugoburel.fr\/wp-content\/uploads\/2023\/12\/poualbox-1024x763.png 1024w, https:\/\/hugoburel.fr\/wp-content\/uploads\/2023\/12\/poualbox-768x572.png 768w, https:\/\/hugoburel.fr\/wp-content\/uploads\/2023\/12\/poualbox-1536x1144.png 1536w\" sizes=\"(max-width: 1653px) 100vw, 1653px\" \/><\/a>\n\t\t\t<\/div><\/figure>\n\t\t<\/div>\n\t\t<\/div>\n\t\t\t\t\t\t<\/div>\n\t\t\t\t<\/div>\n\t\t\t\t\t<\/div>\n\t\t\t\t<\/div>\n\t\t<div class=\"has_eae_slider elementor-element elementor-element-70c9e49 e-flex e-con-boxed wpr-particle-no wpr-jarallax-no wpr-parallax-no wpr-sticky-section-no e-con e-parent\" data-eae-slider=\"42136\" data-id=\"70c9e49\" data-element_type=\"container\" data-settings=\"{&quot;background_background&quot;:&quot;classic&quot;}\">\n\t\t\t\t\t<div class=\"e-con-inner\">\n\t\t<div class=\"has_eae_slider elementor-element elementor-element-342da9d e-con-full e-flex wpr-particle-no wpr-jarallax-no wpr-parallax-no wpr-sticky-section-no e-con e-child\" data-eae-slider=\"21712\" data-id=\"342da9d\" data-element_type=\"container\">\n\t\t\t\t<div class=\"elementor-element elementor-element-0df39a9 elementor-widget elementor-widget-text-editor\" data-id=\"0df39a9\" data-element_type=\"widget\" data-widget_type=\"text-editor.default\">\n\t\t\t\t<div class=\"elementor-widget-container\">\n\t\t\t\t\t\t\t\t\t<p>\u00a9 2024. Imagin\u00e9 et cr\u00e9\u00e9 par Moi<\/p>\t\t\t\t\t\t\t\t<\/div>\n\t\t\t\t<\/div>\n\t\t\t\t<\/div>\n\t\t\t\t\t<\/div>\n\t\t\t\t<\/div>\n\t\t\t\t<\/div>\n\t\t","protected":false},"excerpt":{"rendered":"<p>PORTFOLIO Accueil Accueil Mon CV Fraich&#8217;up Maquette FIGMA : D\u00e9couvrir la maquette Mon dossier : Voir le dossier Mes visuels \u00a9 2024. Imagin\u00e9 et cr\u00e9\u00e9 par Moi<\/p>\n","protected":false},"author":1,"featured_media":0,"parent":8,"menu_order":0,"comment_status":"closed","ping_status":"closed","template":"elementor_canvas","meta":{"site-sidebar-layout":"no-sidebar","site-content-layout":"","ast-site-content-layout":"full-width-container","site-content-style":"default","site-sidebar-style":"default","ast-global-header-display":"","ast-banner-title-visibility":"","ast-main-header-display":"","ast-hfb-above-header-display":"","ast-hfb-below-header-display":"","ast-hfb-mobile-header-display":"","site-post-title":"disabled","ast-breadcrumbs-content":"","ast-featured-img":"disabled","footer-sml-layout":"","theme-transparent-header-meta":"","adv-header-id-meta":"","stick-header-meta":"","header-above-stick-meta":"","header-main-stick-meta":"","header-below-stick-meta":"","astra-migrate-meta-layouts":"default","ast-page-background-enabled":"default","ast-page-background-meta":{"desktop":{"background-color":"var(--ast-global-color-4)","background-image":"","background-repeat":"repeat","background-position":"center center","background-size":"auto","background-attachment":"scroll","background-type":"","background-media":"","overlay-type":"","overlay-color":"","overlay-opacity":"","overlay-gradient":""},"tablet":{"background-color":"","background-image":"","background-repeat":"repeat","background-position":"center center","background-size":"auto","background-attachment":"scroll","background-type":"","background-media":"","overlay-type":"","overlay-color":"","overlay-opacity":"","overlay-gradient":""},"mobile":{"background-color":"","background-image":"","background-repeat":"repeat","background-position":"center center","background-size":"auto","background-attachment":"scroll","background-type":"","background-media":"","overlay-type":"","overlay-color":"","overlay-opacity":"","overlay-gradient":""}},"ast-content-background-meta":{"desktop":{"background-color":"var(--ast-global-color-5)","background-image":"","background-repeat":"repeat","background-position":"center center","background-size":"auto","background-attachment":"scroll","background-type":"","background-media":"","overlay-type":"","overlay-color":"","overlay-opacity":"","overlay-gradient":""},"tablet":{"background-color":"var(--ast-global-color-5)","background-image":"","background-repeat":"repeat","background-position":"center center","background-size":"auto","background-attachment":"scroll","background-type":"","background-media":"","overlay-type":"","overlay-color":"","overlay-opacity":"","overlay-gradient":""},"mobile":{"background-color":"var(--ast-global-color-5)","background-image":"","background-repeat":"repeat","background-position":"center center","background-size":"auto","background-attachment":"scroll","background-type":"","background-media":"","overlay-type":"","overlay-color":"","overlay-opacity":"","overlay-gradient":""}},"footnotes":""},"class_list":["post-324","page","type-page","status-publish","hentry"],"_links":{"self":[{"href":"https:\/\/hugoburel.fr\/index.php?rest_route=\/wp\/v2\/pages\/324","targetHints":{"allow":["GET"]}}],"collection":[{"href":"https:\/\/hugoburel.fr\/index.php?rest_route=\/wp\/v2\/pages"}],"about":[{"href":"https:\/\/hugoburel.fr\/index.php?rest_route=\/wp\/v2\/types\/page"}],"author":[{"embeddable":true,"href":"https:\/\/hugoburel.fr\/index.php?rest_route=\/wp\/v2\/users\/1"}],"replies":[{"embeddable":true,"href":"https:\/\/hugoburel.fr\/index.php?rest_route=%2Fwp%2Fv2%2Fcomments&post=324"}],"version-history":[{"count":45,"href":"https:\/\/hugoburel.fr\/index.php?rest_route=\/wp\/v2\/pages\/324\/revisions"}],"predecessor-version":[{"id":646,"href":"https:\/\/hugoburel.fr\/index.php?rest_route=\/wp\/v2\/pages\/324\/revisions\/646"}],"up":[{"embeddable":true,"href":"https:\/\/hugoburel.fr\/index.php?rest_route=\/wp\/v2\/pages\/8"}],"wp:attachment":[{"href":"https:\/\/hugoburel.fr\/index.php?rest_route=%2Fwp%2Fv2%2Fmedia&parent=324"}],"curies":[{"name":"wp","href":"https:\/\/api.w.org\/{rel}","templated":true}]}}